{"id":3,"date":"2023-01-24T15:20:55","date_gmt":"2023-01-24T18:20:55","guid":{"rendered":"http:\/\/helodecor.com\/?page_id=3"},"modified":"2023-03-04T09:00:06","modified_gmt":"2023-03-04T12:00:06","slug":"politica-de-privacidade","status":"publish","type":"page","link":"https:\/\/helodecor.com\/index.php\/politica-de-privacidade\/","title":{"rendered":"POL\u00cdTICA DE PRIVACIDADE"},"content":{"rendered":"\n<h2 class=\"wp-block-heading\">POL\u00cdTICA DE PRIVACIDADE<\/h2>\n\n\n\n<p>A&nbsp;<strong>Hel\u00f4 Decor<\/strong>&nbsp;se preocupa com a seguran\u00e7a dos dados pessoais dos nossos clientes, e por isso, a sua privacidade \u00e9 importante para n\u00f3s. Portanto, desenvolvemos uma Pol\u00edtica de Privacidade que regula a forma como coletamos, usamos, divulgamos, transferimos e armazenamos suas informa\u00e7\u00f5es, estando de acordo com a Lei n\u00ba 13.709\/18 (Lei Geral de Prote\u00e7\u00e3o de Dados).<br><br>Quando voc\u00ea realiza uma compra ou contrata um servi\u00e7o em qualquer canal da&nbsp;<strong>Hel\u00f4 Decor<\/strong>, voc\u00ea nos fornece alguns dados pessoais com o objetivo de viabilizar a sua opera\u00e7\u00e3o. A&nbsp;<strong>Hel\u00f4 Decor<\/strong>&nbsp;preza pela seguran\u00e7a dos seus dados, pelo respeito a sua privacidade e pela transpar\u00eancia com voc\u00ea e, por isso, dedicamos este documento para explicar como os seus dados pessoais ser\u00e3o tratados pela&nbsp;<strong>Hel\u00f4 Decor<\/strong>&nbsp;e quais s\u00e3o as medidas que aplicamos para mant\u00ea-los seguros.<br><br>Esta pol\u00edtica aplica-se aos dados que s\u00e3o coletados tanto no site, bem como eventuais dados coletados de maneira f\u00edsica pela empresa. Qualquer informa\u00e7\u00e3o pessoal, ou n\u00e3o, fornecida por voc\u00ea ser\u00e1 coletada e guardada de acordo com os mais r\u00edgidos padr\u00f5es de seguran\u00e7a e confiabilidade. As informa\u00e7\u00f5es pessoais, s\u00e3o dados que podem ser usados para identificar ou entrar em contato com uma \u00fanica pessoa. Pode ser solicitado que voc\u00ea forne\u00e7a suas informa\u00e7\u00f5es pessoais a qualquer momento que esteja em contato com a&nbsp;<strong>Hel\u00f4 Decor<\/strong>&nbsp;atrav\u00e9s do site, telefone e nossas redes sociais.<\/p>\n\n\n\n<p><strong>QUAIS INFORMA\u00c7\u00d5ES COLETAMOS:<\/strong><br><\/p>\n\n\n\n<ul class=\"wp-block-list\">\n<li>Para fins cadastrais: Nome Completo, CPF, Telefone, Data de Nascimento, E-mail e Endere\u00e7o completo. Em caso de pessoa jur\u00eddica, tamb\u00e9m coletamos raz\u00e3o social, nome fantasia, CNPJ e inscri\u00e7\u00e3o estadual.<\/li>\n\n\n\n<li>Para navega\u00e7\u00e3o na plataforma: IP (com data e hora), origem do IP, caracter\u00edsticas do dispositivo de acesso, informa\u00e7\u00f5es sobre cliques, p\u00e1ginas acessadas no site e ap\u00f3s a sa\u00edda do site da&nbsp;<strong>Hel\u00f4 Decor<\/strong>, ou seja, as buscas realizadas.<\/li>\n\n\n\n<li>Para a realiza\u00e7\u00e3o de entrega: Nome do destinat\u00e1rio, CEP, Rua, N\u00famero, Complemento, Bairro, Estado, Cidade.<\/li>\n\n\n\n<li>Para a realiza\u00e7\u00e3o de pagamento atrav\u00e9s de cart\u00e3o de cr\u00e9dito (plataforma Cielo e Pagar.me): n\u00famero do cart\u00e3o de cr\u00e9dito, nome no cart\u00e3o de cr\u00e9dito, data de validade do cart\u00e3o, c\u00f3digo de seguran\u00e7a e parcelamento, plataformas regidas por terceiros, com suas pr\u00f3prias pol\u00edticas e termos.<\/li>\n<\/ul>\n\n\n\n<p><strong>COMO UTILIZAMOS OS SEUS DADOS:<\/strong><br><br>As informa\u00e7\u00f5es pessoais coletadas s\u00e3o fundamentais para os diferentes tratamentos e finalidades que a&nbsp;<strong>Hel\u00f4 Decor<\/strong>&nbsp;realiza. Abaixo elencamos todas as finalidades quando tratamos os seus dados:<\/p>\n\n\n\n<ul class=\"wp-block-list\">\n<li>A efetiva\u00e7\u00e3o e o gerenciamento dos pedidos e das compras dos produtos&nbsp;<strong>Hel\u00f4 Decor<\/strong>;<\/li>\n\n\n\n<li>Para a finaliza\u00e7\u00e3o do pagamento e o envio dos produtos adquiridos com a&nbsp;<strong>Hel\u00f4 Decor<\/strong>;<\/li>\n\n\n\n<li>Quando houver a necessidade de devolu\u00e7\u00e3o ou trocas;<\/li>\n\n\n\n<li>Para efetivarmos o seu cadastro nas nossas plataformas;<\/li>\n\n\n\n<li>Para gerenciar quaisquer promo\u00e7\u00f5es e campanhas de marketing que o usu\u00e1rio escolher participar;<\/li>\n\n\n\n<li>Quando o usu\u00e1rio responder em pesquisas de opini\u00e3o, utilizaremos os seus dados para a avaliar as suas respostas;<\/li>\n\n\n\n<li>Solicitamos os seus dados a fim de proporcionar uma excelente experi\u00eancia de compra e navega\u00e7\u00e3o nas nossas plataformas;<\/li>\n\n\n\n<li>Queremos oferecer produtos com base no seu perfil e informar sobre produtos que o usu\u00e1rio tenha demonstrado interesse;<\/li>\n\n\n\n<li>Interagir com o usu\u00e1rio, inclusive respondendo suas intera\u00e7\u00f5es em nossos Canais de Atendimento;<\/li>\n\n\n\n<li>Resguardar os direitos, propriedade e seguran\u00e7a da&nbsp;<strong>Hel\u00f4 Decor<\/strong>, de seus parceiros, representantes, colaboradores e\/ou usu\u00e1rios, em qualquer tipo de conflito, inclusive judiciais;<\/li>\n\n\n\n<li>Manter os neg\u00f3cios em caso de transa\u00e7\u00f5es e altera\u00e7\u00f5es societ\u00e1rias envolvendo a&nbsp;<strong>Hel\u00f4 Decor<\/strong>;<\/li>\n\n\n\n<li>Proteger o usu\u00e1rio contra fraudes; e<\/li>\n\n\n\n<li>Solicitamos os seus dados quando voc\u00ea se cadastra na nossa Newsletter para receber promo\u00e7\u00f5es, novidades e avisos.<\/li>\n<\/ul>\n\n\n\n<p><strong>COM QUEM A&nbsp;HEL\u00d4 DECOR&nbsp;COMPARTILHA SEUS DADOS PESSOAIS<\/strong><br><br>Para o cumprimento das atividades acima listadas, sempre que necess\u00e1rio, a&nbsp;<strong>Hel\u00f4 Decor<\/strong>&nbsp;poder\u00e1 compartilhar os seus dados pessoais com prestadores de servi\u00e7o, parceiros ou com \u00f3rg\u00e3os reguladores. Vejamos:<\/p>\n\n\n\n<ul class=\"wp-block-list\">\n<li>Prestadores de servi\u00e7o: para que possamos disponibilizar nossos produtos e prestar os nossos servi\u00e7os com qualidade, contamos com prestadores de servi\u00e7o, que tratam os dados pessoais coletados em nosso nome e de acordo com as nossas instru\u00e7\u00f5es. Esses prestadores de servi\u00e7os atuam principalmente na intermedia\u00e7\u00e3o de pagamentos, os quais s\u00e3o: Pagar.me e Cielo.<\/li>\n\n\n\n<li>Autoridades judiciais, policiais ou governamentais: a&nbsp;<strong>Hel\u00f4 Decor<\/strong>&nbsp;dever\u00e1 fornecer dados pessoais de Clientes e\/ou Usu\u00e1rios, em atendimento \u00e0 ordem judicial, solicita\u00e7\u00f5es de autoridades administrativas, obriga\u00e7\u00e3o legal ou regulat\u00f3ria, bem como para agir de forma colaborativa com autoridades governamentais, de acordo com o que disp\u00f5e a LGPD.<\/li>\n<\/ul>\n\n\n\n<p><strong>DIREITOS DOS USU\u00c1RIOS COM RELA\u00c7\u00c3O AOS DADOS PESSOAIS<\/strong><br><br>O usu\u00e1rio, titular dos dados pessoais, a qualquer momento, pode exercer os seguintes direitos:<br><br>a) Acesso: ao optar por exercer o direito de acesso, voc\u00ea poder\u00e1 solicitar a&nbsp;<strong>Hel\u00f4 Decor<\/strong>&nbsp;os dados que tratamos a seu respeito, atrav\u00e9s do contato com o nosso encarregado;<br><br>b) Portabilidade: voc\u00ea poder\u00e1 solicitar ao nosso encarregado o relat\u00f3rio dos dados cadastrais que a&nbsp;<strong>Hel\u00f4 Decor<\/strong>&nbsp;trata a seu respeito para compartilhar com o terceiro que desejar;<br><br>c) Retifica\u00e7\u00e3o\/Atualiza\u00e7\u00e3o: a qualquer momento o usu\u00e1rio\/cliente poder\u00e1 entrar em contato com o Encarregado e solicitar a retifica\u00e7\u00e3o ou atualiza\u00e7\u00e3o dos seus dados;<br><br>d) Elimina\u00e7\u00e3o: ao selecionar essa op\u00e7\u00e3o, voc\u00ea poder\u00e1 solicitar a elimina\u00e7\u00e3o dos seus dados pessoais tratados pela&nbsp;<strong>Hel\u00f4 Decor<\/strong>. Contudo, este pedido passar\u00e1 por uma avalia\u00e7\u00e3o de viabilidade, em raz\u00e3o de uma s\u00e9rie de prazos legais e\/ou regulat\u00f3rios aplic\u00e1veis para exclus\u00e3o de dados, sendo que os dados somente ser\u00e3o efetivamente eliminados ap\u00f3s ultrapassados tais prazos.<br><br>e) Anonimiza\u00e7\u00e3o: ao verificar-se que o seu dado est\u00e1 sendo tratado em desconformidade com a Lei Geral de Prote\u00e7\u00e3o de Dados a&nbsp;<strong>Hel\u00f4 Decor<\/strong>&nbsp;poder\u00e1, mediante solicita\u00e7\u00e3o, anonimizar, bloquear ou eliminar tais dados, observando os prazos estabelecidos em obriga\u00e7\u00e3o legal ou regulat\u00f3ria;<br><br>f) Revoga\u00e7\u00e3o do consentimento: ao selecionar essa op\u00e7\u00e3o, voc\u00ea poder\u00e1 ter explica\u00e7\u00f5es sobre o consentimento (confirma\u00e7\u00e3o dada para coleta e tratamento de seus dados) e revog\u00e1-lo.<\/p>\n\n\n\n<p><strong>POL\u00cdTICA DE COOKIES<\/strong><br><br>A&nbsp;<strong>Hel\u00f4 Decor<\/strong>&nbsp;utiliza cookies que s\u00e3o pequenos arquivos colocados em seu computador para rastrear movimentos dentro das nossas plataformas. Nossos cookies n\u00e3o armazenam informa\u00e7\u00f5es pessoais sem que voc\u00ea tenha fornecido o consentimento e n\u00e3o coletam informa\u00e7\u00f5es registradas em seu computador.<br><br>Assim como acontece na maioria dos servi\u00e7os da Internet, coletamos algumas informa\u00e7\u00f5es automaticamente e as armazenamos em arquivos de log. Essas informa\u00e7\u00f5es incluem, IP (com data e hora), origem do IP, caracter\u00edsticas do dispositivo de acesso, informa\u00e7\u00f5es sobre cliques, p\u00e1ginas acessadas no site e ap\u00f3s a sa\u00edda do site da&nbsp;<strong>Hel\u00f4 Decor<\/strong>, ou seja, as buscas realizadas.<br><br>Neste sentido, a&nbsp;<strong>Hel\u00f4 Decor<\/strong>&nbsp;utiliza cookies das seguintes plataformas: Google Ads, Facebook Ads e Google Analytics.<br>Voc\u00ea, como titular de dados, possui o direito de revogar o consentimento, gerenciando os cookies utilizados pela nossa plataforma daqueles caracterizados como \u201cn\u00e3o essenciais\u201d.<\/p>\n\n\n\n<p><strong>DA UTILIZA\u00c7\u00c3O DOS SEUS DADOS PESSOAIS<\/strong><br><br>As informa\u00e7\u00f5es pessoais que a&nbsp;<strong>Hel\u00f4 Decor<\/strong>&nbsp;coleta permite manter voc\u00ea atualizado sobre os mais recentes an\u00fancios de produtos da empresa. Se n\u00e3o quiser participar de nossa lista de distribui\u00e7\u00e3o, poder\u00e1 optar por n\u00e3o receber a qualquer momento.<br><br>Tamb\u00e9m usamos as informa\u00e7\u00f5es pessoais para criar, desenvolver, operar e melhorar nossos produtos, servi\u00e7os, conte\u00fado e publicidade, al\u00e9m de prevenir perdas e evitar fraudes. As nossas publicidades ser\u00e3o encontradas em diversas plataformas, tais como: Pinterest, Youtube, Linkedin, Google Display, Facebook Ads, Google Ads.<br><br>De tempos em tempos, a&nbsp;<strong>Hel\u00f4 Decor<\/strong>&nbsp;poder\u00e1 usar as suas informa\u00e7\u00f5es pessoais para enviar avisos importantes, como comunica\u00e7\u00f5es sobre compras e altera\u00e7\u00f5es em nossos termos, condi\u00e7\u00f5es e normas.<\/p>\n\n\n\n<p><strong>DO TRATAMENTO INTERNACIONAL DE DADOS<\/strong><br><br>Alguns de seus dados pessoais poder\u00e3o ser tratados em outros pa\u00edses, por exemplo, quando utilizarmos servi\u00e7os em nuvem para processamento ou armazenamento de dados, localizados fora do Brasil das quais a&nbsp;<strong>Hel\u00f4 Decor<\/strong>&nbsp;transfere dados, sendo: Hostinger, Facebook Ads, Google Ads.<br><br>A&nbsp;<strong>Hel\u00f4 Decor<\/strong>&nbsp;observa tamb\u00e9m nestas situa\u00e7\u00f5es todos os requisitos estabelecidos na legisla\u00e7\u00e3o vigente, e adota as melhores pr\u00e1ticas de mercado a fim de garantir a prote\u00e7\u00e3o e privacidade dos seus dados pessoais.<\/p>\n\n\n\n<p><strong>DO TRATAMENTO DE DADOS DE CRIAN\u00c7AS E ADOLESCENTES<\/strong><br><br>Conscientemente, a&nbsp;<strong>Hel\u00f4 Decor<\/strong>&nbsp;n\u00e3o coleta nenhum dado pessoal de crian\u00e7as e adolescentes menores de 13 anos. Se identificarmos a coleta de dados pessoais de crian\u00e7as ou adolescentes de forma n\u00e3o-intencional, removeremos os dados pessoais destes menores de nossos registros rapidamente.<\/p>\n\n\n\n<p><strong>DO PER\u00cdODO QUE A&nbsp;VOGAFLEX&nbsp;GUARDA SEUS DADOS<\/strong><br><br>A&nbsp;<strong>Hel\u00f4 Decor<\/strong>&nbsp;conservar\u00e1 os seus dados pessoais pelo per\u00edodo que considerar necess\u00e1rio ao cumprimento das finalidades que determinaram a sua coleta. A partir do momento que o usu\u00e1rio\/cliente realiza o seu cadastro com a&nbsp;<strong>Hel\u00f4 Decor<\/strong>, os dados pessoais fornecidos ser\u00e3o armazenados pelo per\u00edodo de 5 anos.<br><br>Contudo, ao considerar qualquer obriga\u00e7\u00e3o que possa ter, por exemplo, o armazenamento das informa\u00e7\u00f5es para fins de contabilidade ou o per\u00edodo necess\u00e1rio para dar in\u00edcio ou suporte a quaisquer a\u00e7\u00f5es judiciais, a&nbsp;<strong>Hel\u00f4 Decor<\/strong>&nbsp;poder\u00e1 manter os dados guardados, conforme preceitua a Lei Geral de Prote\u00e7\u00e3o de Dados.<\/p>\n\n\n\n<p><strong>DEMAIS INFORMA\u00c7\u00d5ES<\/strong><br><br>Ao acessar nosso site, voc\u00ea est\u00e1 consentindo e declara estar ciente com rela\u00e7\u00e3o aos termos aqui previstos, bem como est\u00e1 de acordo com a pol\u00edtica de privacidade.<br>Ainda, sempre que voc\u00ea tiver alguma d\u00favida sobre esta Pol\u00edtica de Privacidade, mesmo ap\u00f3s sua leitura, ou precisar interagir conosco sobre assuntos envolvendo os seus dados pessoais, poder\u00e1 faz\u00ea-lo atrav\u00e9s do contato com o nosso Encarregado Felipe Dias pelo e-mail <a href=\"mailto:lgpd@helodecor.com\">lgpd@helodecor.com<\/a><\/p>\n","protected":false},"excerpt":{"rendered":"<p>POL\u00cdTICA DE PRIVACIDADE A&nbsp;Hel\u00f4 Decor&nbsp;se preocupa com a seguran\u00e7a dos dados pessoais dos nossos clientes, e por isso, a sua privacidade \u00e9 importante para n\u00f3s. Portanto, desenvolvemos uma Pol\u00edtica de Privacidade que regula a forma como coletamos, usamos, divulgamos, transferimos e armazenamos suas informa\u00e7\u00f5es, estando de acordo com a Lei n\u00ba 13.709\/18 (Lei Geral de [&hellip;]<\/p>\n","protected":false},"author":1,"featured_media":0,"parent":0,"menu_order":0,"comment_status":"closed","ping_status":"closed","template":"template-blank.php","meta":{"footnotes":""},"class_list":["post-3","page","type-page","status-publish","hentry"],"_links":{"self":[{"href":"https:\/\/helodecor.com\/index.php\/wp-json\/wp\/v2\/pages\/3","targetHints":{"allow":["GET"]}}],"collection":[{"href":"https:\/\/helodecor.com\/index.php\/wp-json\/wp\/v2\/pages"}],"about":[{"href":"https:\/\/helodecor.com\/index.php\/wp-json\/wp\/v2\/types\/page"}],"author":[{"embeddable":true,"href":"https:\/\/helodecor.com\/index.php\/wp-json\/wp\/v2\/users\/1"}],"replies":[{"embeddable":true,"href":"https:\/\/helodecor.com\/index.php\/wp-json\/wp\/v2\/comments?post=3"}],"version-history":[{"count":2,"href":"https:\/\/helodecor.com\/index.php\/wp-json\/wp\/v2\/pages\/3\/revisions"}],"predecessor-version":[{"id":2531,"href":"https:\/\/helodecor.com\/index.php\/wp-json\/wp\/v2\/pages\/3\/revisions\/2531"}],"wp:attachment":[{"href":"https:\/\/helodecor.com\/index.php\/wp-json\/wp\/v2\/media?parent=3"}],"curies":[{"name":"wp","href":"https:\/\/api.w.org\/{rel}","templated":true}]}}